{"id":2315,"date":"2021-09-27T19:11:19","date_gmt":"2021-09-28T00:11:19","guid":{"rendered":"https:\/\/distributricesdunord.refrigerationtechniserv.ca\/services\/maintenance-de-machines-a-glace\/"},"modified":"2021-10-27T13:18:41","modified_gmt":"2021-10-27T18:18:41","slug":"maintenance-of-commercial-ice-machines","status":"publish","type":"page","link":"https:\/\/www.servislush.ca\/en\/services\/maintenance-of-commercial-ice-machines\/","title":{"rendered":"Maintenance of commercial ice machines"},"content":{"rendered":"\t\t<div data-elementor-type=\"wp-page\" data-elementor-id=\"2315\" class=\"elementor elementor-2315 elementor-2035\" data-elementor-post-type=\"page\">\n\t\t\t\t\t\t<section class=\"elementor-section elementor-top-section elementor-element elementor-element-5ff19d7 elementor-section-boxed elementor-section-height-default elementor-section-height-default\" data-id=\"5ff19d7\" data-element_type=\"section\" data-settings=\"{&quot;jet_parallax_layout_list&quot;:[{&quot;jet_parallax_layout_image&quot;:{&quot;url&quot;:&quot;&quot;,&quot;id&quot;:&quot;&quot;,&quot;size&quot;:&quot;&quot;},&quot;_id&quot;:&quot;bcd4188&quot;,&quot;jet_parallax_layout_image_tablet&quot;:{&quot;url&quot;:&quot;&quot;,&quot;id&quot;:&quot;&quot;,&quot;size&quot;:&quot;&quot;},&quot;jet_parallax_layout_image_mobile&quot;:{&quot;url&quot;:&quot;&quot;,&quot;id&quot;:&quot;&quot;,&quot;size&quot;:&quot;&quot;},&quot;jet_parallax_layout_speed&quot;:{&quot;unit&quot;:&quot;%&quot;,&quot;size&quot;:50,&quot;sizes&quot;:[]},&quot;jet_parallax_layout_type&quot;:&quot;scroll&quot;,&quot;jet_parallax_layout_direction&quot;:null,&quot;jet_parallax_layout_fx_direction&quot;:null,&quot;jet_parallax_layout_z_index&quot;:&quot;&quot;,&quot;jet_parallax_layout_bg_x&quot;:50,&quot;jet_parallax_layout_bg_x_tablet&quot;:&quot;&quot;,&quot;jet_parallax_layout_bg_x_mobile&quot;:&quot;&quot;,&quot;jet_parallax_layout_bg_y&quot;:50,&quot;jet_parallax_layout_bg_y_tablet&quot;:&quot;&quot;,&quot;jet_parallax_layout_bg_y_mobile&quot;:&quot;&quot;,&quot;jet_parallax_layout_bg_size&quot;:&quot;auto&quot;,&quot;jet_parallax_layout_bg_size_tablet&quot;:&quot;&quot;,&quot;jet_parallax_layout_bg_size_mobile&quot;:&quot;&quot;,&quot;jet_parallax_layout_animation_prop&quot;:&quot;transform&quot;,&quot;jet_parallax_layout_on&quot;:[&quot;desktop&quot;,&quot;tablet&quot;]}],&quot;background_background&quot;:&quot;classic&quot;}\">\n\t\t\t\t\t\t<div class=\"elementor-container elementor-column-gap-default\">\n\t\t\t\t\t<div class=\"elementor-column elementor-col-100 elementor-top-column elementor-element elementor-element-6aa55d4\" data-id=\"6aa55d4\" data-element_type=\"column\">\n\t\t\t<div class=\"elementor-widget-wrap elementor-element-populated\">\n\t\t\t\t\t\t<div class=\"elementor-element elementor-element-47a760e elementor-widget elementor-widget-heading\" data-id=\"47a760e\" data-element_type=\"widget\" data-widget_type=\"heading.default\">\n\t\t\t\t<div class=\"elementor-widget-container\">\n\t\t\t<h2 class=\"elementor-heading-title elementor-size-default\"><a href=\"\/marques\/\">Services offered<\/a><\/h2>\t\t<\/div>\n\t\t\t\t<\/div>\n\t\t\t\t<section class=\"elementor-section elementor-inner-section elementor-element elementor-element-c7c703d elementor-section-boxed elementor-section-height-default elementor-section-height-default\" data-id=\"c7c703d\" data-element_type=\"section\" data-settings=\"{&quot;jet_parallax_layout_list&quot;:[{&quot;jet_parallax_layout_image&quot;:{&quot;url&quot;:&quot;&quot;,&quot;id&quot;:&quot;&quot;,&quot;size&quot;:&quot;&quot;},&quot;_id&quot;:&quot;ab5afb0&quot;,&quot;jet_parallax_layout_image_tablet&quot;:{&quot;url&quot;:&quot;&quot;,&quot;id&quot;:&quot;&quot;,&quot;size&quot;:&quot;&quot;},&quot;jet_parallax_layout_image_mobile&quot;:{&quot;url&quot;:&quot;&quot;,&quot;id&quot;:&quot;&quot;,&quot;size&quot;:&quot;&quot;},&quot;jet_parallax_layout_speed&quot;:{&quot;unit&quot;:&quot;%&quot;,&quot;size&quot;:50,&quot;sizes&quot;:[]},&quot;jet_parallax_layout_type&quot;:&quot;scroll&quot;,&quot;jet_parallax_layout_direction&quot;:null,&quot;jet_parallax_layout_fx_direction&quot;:null,&quot;jet_parallax_layout_z_index&quot;:&quot;&quot;,&quot;jet_parallax_layout_bg_x&quot;:50,&quot;jet_parallax_layout_bg_x_tablet&quot;:&quot;&quot;,&quot;jet_parallax_layout_bg_x_mobile&quot;:&quot;&quot;,&quot;jet_parallax_layout_bg_y&quot;:50,&quot;jet_parallax_layout_bg_y_tablet&quot;:&quot;&quot;,&quot;jet_parallax_layout_bg_y_mobile&quot;:&quot;&quot;,&quot;jet_parallax_layout_bg_size&quot;:&quot;auto&quot;,&quot;jet_parallax_layout_bg_size_tablet&quot;:&quot;&quot;,&quot;jet_parallax_layout_bg_size_mobile&quot;:&quot;&quot;,&quot;jet_parallax_layout_animation_prop&quot;:&quot;transform&quot;,&quot;jet_parallax_layout_on&quot;:[&quot;desktop&quot;,&quot;tablet&quot;]}]}\">\n\t\t\t\t\t\t<div class=\"elementor-container elementor-column-gap-default\">\n\t\t\t\t\t<div class=\"elementor-column elementor-col-100 elementor-inner-column elementor-element elementor-element-50de5da\" data-id=\"50de5da\" data-element_type=\"column\">\n\t\t\t<div class=\"elementor-widget-wrap elementor-element-populated\">\n\t\t\t\t\t\t<div class=\"elementor-element elementor-element-0fddb33 elementor-widget elementor-widget-text-editor\" data-id=\"0fddb33\" data-element_type=\"widget\" data-widget_type=\"text-editor.default\">\n\t\t\t\t<div class=\"elementor-widget-container\">\n\t\t\t\t\t\t\tServices de Servislush+ offers a wide range of services, each as practical as the next. We have been the specialists you need to repair or maintain your slush machines or the maintenance of your ice machines for over 20 years. We have a vast inventory of parts that can be sent quickly, no matter where your business is located.\t\t\t\t\t\t<\/div>\n\t\t\t\t<\/div>\n\t\t\t\t\t<\/div>\n\t\t<\/div>\n\t\t\t\t\t<\/div>\n\t\t<\/section>\n\t\t\t\t\t<\/div>\n\t\t<\/div>\n\t\t\t\t\t<\/div>\n\t\t<\/section>\n\t\t\t\t<section class=\"elementor-section elementor-top-section elementor-element elementor-element-12fd455 elementor-section-boxed elementor-section-height-default elementor-section-height-default\" data-id=\"12fd455\" data-element_type=\"section\" data-settings=\"{&quot;jet_parallax_layout_list&quot;:[{&quot;jet_parallax_layout_image&quot;:{&quot;url&quot;:&quot;&quot;,&quot;id&quot;:&quot;&quot;,&quot;size&quot;:&quot;&quot;},&quot;_id&quot;:&quot;aa3c96b&quot;,&quot;jet_parallax_layout_image_tablet&quot;:{&quot;url&quot;:&quot;&quot;,&quot;id&quot;:&quot;&quot;,&quot;size&quot;:&quot;&quot;},&quot;jet_parallax_layout_image_mobile&quot;:{&quot;url&quot;:&quot;&quot;,&quot;id&quot;:&quot;&quot;,&quot;size&quot;:&quot;&quot;},&quot;jet_parallax_layout_speed&quot;:{&quot;unit&quot;:&quot;%&quot;,&quot;size&quot;:50,&quot;sizes&quot;:[]},&quot;jet_parallax_layout_type&quot;:&quot;scroll&quot;,&quot;jet_parallax_layout_direction&quot;:null,&quot;jet_parallax_layout_fx_direction&quot;:null,&quot;jet_parallax_layout_z_index&quot;:&quot;&quot;,&quot;jet_parallax_layout_bg_x&quot;:50,&quot;jet_parallax_layout_bg_x_tablet&quot;:&quot;&quot;,&quot;jet_parallax_layout_bg_x_mobile&quot;:&quot;&quot;,&quot;jet_parallax_layout_bg_y&quot;:50,&quot;jet_parallax_layout_bg_y_tablet&quot;:&quot;&quot;,&quot;jet_parallax_layout_bg_y_mobile&quot;:&quot;&quot;,&quot;jet_parallax_layout_bg_size&quot;:&quot;auto&quot;,&quot;jet_parallax_layout_bg_size_tablet&quot;:&quot;&quot;,&quot;jet_parallax_layout_bg_size_mobile&quot;:&quot;&quot;,&quot;jet_parallax_layout_animation_prop&quot;:&quot;transform&quot;,&quot;jet_parallax_layout_on&quot;:[&quot;desktop&quot;,&quot;tablet&quot;]}]}\">\n\t\t\t\t\t\t<div class=\"elementor-container elementor-column-gap-default\">\n\t\t\t\t\t<div class=\"elementor-column elementor-col-100 elementor-top-column elementor-element elementor-element-c839adf\" data-id=\"c839adf\" data-element_type=\"column\">\n\t\t\t<div class=\"elementor-widget-wrap elementor-element-populated\">\n\t\t\t\t\t\t<section class=\"elementor-section elementor-inner-section elementor-element elementor-element-a8c0e74 elementor-section-boxed elementor-section-height-default elementor-section-height-default\" data-id=\"a8c0e74\" data-element_type=\"section\" id=\"maintenance-glace\" data-settings=\"{&quot;jet_parallax_layout_list&quot;:[{&quot;jet_parallax_layout_image&quot;:{&quot;url&quot;:&quot;&quot;,&quot;id&quot;:&quot;&quot;,&quot;size&quot;:&quot;&quot;},&quot;_id&quot;:&quot;a834582&quot;,&quot;jet_parallax_layout_image_tablet&quot;:{&quot;url&quot;:&quot;&quot;,&quot;id&quot;:&quot;&quot;,&quot;size&quot;:&quot;&quot;},&quot;jet_parallax_layout_image_mobile&quot;:{&quot;url&quot;:&quot;&quot;,&quot;id&quot;:&quot;&quot;,&quot;size&quot;:&quot;&quot;},&quot;jet_parallax_layout_speed&quot;:{&quot;unit&quot;:&quot;%&quot;,&quot;size&quot;:50,&quot;sizes&quot;:[]},&quot;jet_parallax_layout_type&quot;:&quot;scroll&quot;,&quot;jet_parallax_layout_direction&quot;:null,&quot;jet_parallax_layout_fx_direction&quot;:null,&quot;jet_parallax_layout_z_index&quot;:&quot;&quot;,&quot;jet_parallax_layout_bg_x&quot;:50,&quot;jet_parallax_layout_bg_x_tablet&quot;:&quot;&quot;,&quot;jet_parallax_layout_bg_x_mobile&quot;:&quot;&quot;,&quot;jet_parallax_layout_bg_y&quot;:50,&quot;jet_parallax_layout_bg_y_tablet&quot;:&quot;&quot;,&quot;jet_parallax_layout_bg_y_mobile&quot;:&quot;&quot;,&quot;jet_parallax_layout_bg_size&quot;:&quot;auto&quot;,&quot;jet_parallax_layout_bg_size_tablet&quot;:&quot;&quot;,&quot;jet_parallax_layout_bg_size_mobile&quot;:&quot;&quot;,&quot;jet_parallax_layout_animation_prop&quot;:&quot;transform&quot;,&quot;jet_parallax_layout_on&quot;:[&quot;desktop&quot;,&quot;tablet&quot;]}]}\">\n\t\t\t\t\t\t<div class=\"elementor-container elementor-column-gap-default\">\n\t\t\t\t\t<div class=\"elementor-column elementor-col-100 elementor-inner-column elementor-element elementor-element-e54e58a\" data-id=\"e54e58a\" data-element_type=\"column\">\n\t\t\t<div class=\"elementor-widget-wrap elementor-element-populated\">\n\t\t\t\t\t\t<div class=\"elementor-element elementor-element-eca5f34 elementor-widget elementor-widget-image\" data-id=\"eca5f34\" data-element_type=\"widget\" data-widget_type=\"image.default\">\n\t\t\t\t<div class=\"elementor-widget-container\">\n\t\t\t\t\t\t\t\t\t\t\t\t\t<img decoding=\"async\" width=\"150\" height=\"150\" src=\"https:\/\/www.servislush.ca\/wp-content\/uploads\/2021\/09\/reparation-150x150.png\" class=\"attachment-thumbnail size-thumbnail wp-image-2208\" alt=\"\" srcset=\"https:\/\/www.servislush.ca\/wp-content\/uploads\/2021\/09\/reparation-150x150.png 150w, https:\/\/www.servislush.ca\/wp-content\/uploads\/2021\/09\/reparation-300x300.png 300w, https:\/\/www.servislush.ca\/wp-content\/uploads\/2021\/09\/reparation.png 536w\" sizes=\"(max-width: 150px) 100vw, 150px\" \/>\t\t\t\t\t\t\t\t\t\t\t\t\t<\/div>\n\t\t\t\t<\/div>\n\t\t\t\t<div class=\"elementor-element elementor-element-b2c0869 elementor-widget elementor-widget-heading\" data-id=\"b2c0869\" data-element_type=\"widget\" data-widget_type=\"heading.default\">\n\t\t\t\t<div class=\"elementor-widget-container\">\n\t\t\t<h2 class=\"elementor-heading-title elementor-size-default\">MAINTENANCE OF COMMERCIAL ICE MACHINES<\/h2>\t\t<\/div>\n\t\t\t\t<\/div>\n\t\t\t\t<div class=\"elementor-element elementor-element-448cf03 elementor-widget elementor-widget-text-editor\" data-id=\"448cf03\" data-element_type=\"widget\" data-widget_type=\"text-editor.default\">\n\t\t\t\t<div class=\"elementor-widget-container\">\n\t\t\t\t\t\t\t<p>According to current health standards, it is recommended that your commercial ice machine be cleaned at least twice a year. At Services de Servislush+, we are proud to offer this service, which is essential to maintain the hygiene of your machines.<\/p><p>Technicians are equipped and trained to perform efficient on-site cleaning with before and after photos.<\/p>\t\t\t\t\t\t<\/div>\n\t\t\t\t<\/div>\n\t\t\t\t<div class=\"elementor-element elementor-element-97a7018 elementor-hidden-desktop elementor-hidden-tablet elementor-hidden-mobile elementor-widget elementor-widget-jet-carousel\" data-id=\"97a7018\" data-element_type=\"widget\" data-settings=\"{&quot;slides_to_show&quot;:&quot;4&quot;,&quot;slides_to_scroll&quot;:&quot;1&quot;}\" data-widget_type=\"jet-carousel.default\">\n\t\t\t\t<div class=\"elementor-widget-container\">\n\t\t\t<div class=\"elementor-jet-carousel jet-elements\"><div class=\"jet-carousel-wrap jet-equal-cols\">\n\t<div class=\"jet-carousel\" data-slider_options=\"{&quot;autoplaySpeed&quot;:5000,&quot;autoplay&quot;:true,&quot;infinite&quot;:true,&quot;centerMode&quot;:false,&quot;centerPadding&quot;:&quot;50px&quot;,&quot;pauseOnHover&quot;:false,&quot;speed&quot;:500,&quot;arrows&quot;:true,&quot;dots&quot;:false,&quot;variableWidth&quot;:false,&quot;prevArrow&quot;:&quot;.jet-carousel__prev-arrow-97a7018&quot;,&quot;nextArrow&quot;:&quot;.jet-carousel__next-arrow-97a7018&quot;,&quot;rtl&quot;:false,&quot;fractionNav&quot;:false}\" dir=\"ltr\">\n\t<div class=\"elementor-slick-slider\">\n\n<div class=\"jet-carousel__item\">\n\t<div class=\"jet-carousel__item-inner\"><a href=\"https:\/\/www.servislush.ca\/wp-content\/uploads\/2021\/09\/INSTALLATION-DE-PORTES-DE-CHAMBRE-REFRIGERE-DE-MARQUE-CDS.jpg\" class=\"jet-carousel__item-link\" data-elementor-open-lightbox=\"yes\" data-elementor-lightbox-slideshow=\"97a7018\"  ><img decoding=\"async\" src=\"https:\/\/www.servislush.ca\/wp-content\/uploads\/2021\/09\/INSTALLATION-DE-PORTES-DE-CHAMBRE-REFRIGERE-DE-MARQUE-CDS-225x300.jpg\" class=\"jet-carousel__item-img\" alt=\"INSTALLATION-DE-PORTES-DE-CHAMBRE-REFRIGERE-DE-MARQUE-CDS.jpg\" loading=\"lazy\"><\/a><div class=\"jet-carousel__content\"><h5 class=\"jet-carousel__item-title\"><\/h5><div class=\"jet-carousel__item-text\">Installation de portes de chambre r\u00e9frig\u00e9r\u00e9 de marque CDS<\/div><\/div><\/div>\n<\/div>\n\n<div class=\"jet-carousel__item\">\n\t<div class=\"jet-carousel__item-inner\"><a href=\"https:\/\/www.servislush.ca\/wp-content\/uploads\/2021\/09\/INSTALLATION-DE-DEUX-UNITE-SPLIT-DE-TYPE-QUIET-AIR-CLIMATISE.jpg\" class=\"jet-carousel__item-link\" data-elementor-open-lightbox=\"yes\" data-elementor-lightbox-slideshow=\"97a7018\"  ><img decoding=\"async\" src=\"https:\/\/www.servislush.ca\/wp-content\/uploads\/2021\/09\/INSTALLATION-DE-DEUX-UNITE-SPLIT-DE-TYPE-QUIET-AIR-CLIMATISE-300x225.jpg\" class=\"jet-carousel__item-img\" alt=\"INSTALLATION-DE-DEUX-UNITE-SPLIT-DE-TYPE-QUIET-AIR-CLIMATISE.jpg\" loading=\"lazy\"><\/a><div class=\"jet-carousel__content\"><h5 class=\"jet-carousel__item-title\"><\/h5><div class=\"jet-carousel__item-text\">Installation de deux unit\u00e9-split \"quiet'' d'air climatis\u00e9<\/div><\/div><\/div>\n<\/div>\n\n<div class=\"jet-carousel__item\">\n\t<div class=\"jet-carousel__item-inner\"><a href=\"https:\/\/www.servislush.ca\/wp-content\/uploads\/2021\/09\/INTERIEURE-CHAMBRE-FROIDE-INSTALLATION-NEUVE.jpg\" class=\"jet-carousel__item-link\" data-elementor-open-lightbox=\"yes\" data-elementor-lightbox-slideshow=\"97a7018\"  ><img decoding=\"async\" src=\"https:\/\/www.servislush.ca\/wp-content\/uploads\/2021\/09\/INTERIEURE-CHAMBRE-FROIDE-INSTALLATION-NEUVE-300x225.jpg\" class=\"jet-carousel__item-img\" alt=\"INTERIEURE-CHAMBRE-FROIDE-INSTALLATION-NEUVE.jpg\" loading=\"lazy\"><\/a><div class=\"jet-carousel__content\"><h5 class=\"jet-carousel__item-title\"><\/h5><div class=\"jet-carousel__item-text\">Int\u00e9rieure d'une chambre froide<\/div><\/div><\/div>\n<\/div>\n\n<div class=\"jet-carousel__item\">\n\t<div class=\"jet-carousel__item-inner\"><a href=\"https:\/\/www.servislush.ca\/wp-content\/uploads\/2021\/09\/chambre-refrigere\u0301e-e1625090656834.jpg\" class=\"jet-carousel__item-link\" data-elementor-open-lightbox=\"yes\" data-elementor-lightbox-slideshow=\"97a7018\"  ><img decoding=\"async\" src=\"https:\/\/www.servislush.ca\/wp-content\/uploads\/2021\/09\/chambre-refrigere\u0301e-e1625090656834-300x224.jpg\" class=\"jet-carousel__item-img\" alt=\"chambre-refrigere\u0301e-e1625090656834.jpg\" loading=\"lazy\"><\/a><div class=\"jet-carousel__content\"><h5 class=\"jet-carousel__item-title\"><\/h5><div class=\"jet-carousel__item-text\">Vue des portes de service de la chambre r\u00e9frig\u00e9r\u00e9e<\/div><\/div><\/div>\n<\/div>\n<\/div><div class=\"jet-carousel__prev-arrow-97a7018 jet-arrow prev-arrow\"><i aria-hidden=\"true\" class=\"fas fa-angle-left\"><\/i><\/div><div class=\"jet-carousel__next-arrow-97a7018 jet-arrow next-arrow\"><i aria-hidden=\"true\" class=\"fas fa-angle-right\"><\/i><\/div><\/div>\n<\/div>\n<\/div>\t\t<\/div>\n\t\t\t\t<\/div>\n\t\t\t\t\t<\/div>\n\t\t<\/div>\n\t\t\t\t\t<\/div>\n\t\t<\/section>\n\t\t\t\t\t<\/div>\n\t\t<\/div>\n\t\t\t\t\t<\/div>\n\t\t<\/section>\n\t\t\t\t<\/div>\n\t\t","protected":false},"excerpt":{"rendered":"<p>Services offered Services de Servislush+ offers a wide range of services, each as practical as the next. We have been the specialists you need to repair or maintain your slush machines or the maintenance of your ice machines for over 20 years. We have a vast inventory of parts that can be sent quickly, no [&hellip;]<\/p>\n","protected":false},"author":1,"featured_media":0,"parent":2278,"menu_order":30,"comment_status":"closed","ping_status":"closed","template":"","meta":{"_acf_changed":false,"footnotes":""},"class_list":["post-2315","page","type-page","status-publish","hentry"],"acf":[],"_links":{"self":[{"href":"https:\/\/www.servislush.ca\/en\/wp-json\/wp\/v2\/pages\/2315"}],"collection":[{"href":"https:\/\/www.servislush.ca\/en\/wp-json\/wp\/v2\/pages"}],"about":[{"href":"https:\/\/www.servislush.ca\/en\/wp-json\/wp\/v2\/types\/page"}],"author":[{"embeddable":true,"href":"https:\/\/www.servislush.ca\/en\/wp-json\/wp\/v2\/users\/1"}],"replies":[{"embeddable":true,"href":"https:\/\/www.servislush.ca\/en\/wp-json\/wp\/v2\/comments?post=2315"}],"version-history":[{"count":4,"href":"https:\/\/www.servislush.ca\/en\/wp-json\/wp\/v2\/pages\/2315\/revisions"}],"predecessor-version":[{"id":2344,"href":"https:\/\/www.servislush.ca\/en\/wp-json\/wp\/v2\/pages\/2315\/revisions\/2344"}],"up":[{"embeddable":true,"href":"https:\/\/www.servislush.ca\/en\/wp-json\/wp\/v2\/pages\/2278"}],"wp:attachment":[{"href":"https:\/\/www.servislush.ca\/en\/wp-json\/wp\/v2\/media?parent=2315"}],"curies":[{"name":"wp","href":"https:\/\/api.w.org\/{rel}","templated":true}]}}